{"id":2968,"date":"2025-03-18T09:19:35","date_gmt":"2025-03-18T09:19:35","guid":{"rendered":"https:\/\/girbaulab.com\/cultura\/moritz-feed-dog\/"},"modified":"2026-03-12T13:49:36","modified_gmt":"2026-03-12T13:49:36","slug":"moritz-feed-doc","status":"publish","type":"page","link":"https:\/\/girbaulab.com\/es\/cultura\/moritz-feed-doc\/","title":{"rendered":"Moritz Feed Doc"},"content":{"rendered":"<p>Este a\u00f1o volvemos a colaborar con el <a href=\"https:\/\/moritz.feeddoc.org\/\" target=\"_blank\" rel=\"noopener\">Festival de Documentales de Moda Moritz Feed Doc<\/a> en Barcelona para poner el foco en el cuidado de la ropa y en la importancia del tratamiento profesional de la moda para lograr la longevidad de las prendas que conforman un legado cultural fundamental.<\/p>\n<p>Como parte de nuestra participaci\u00f3n, intervenimos en el di\u00e1logo abierto <strong>\u201cEl presente como legado\u201d<\/strong>, que se celebrar\u00e1 en Casa Capell el d\u00eda 19 de marzo a las 16:30 h. <em>El presente como legado<\/em> es una conversaci\u00f3n viva que conecta tiempos y responsabilidades. Desde la circularidad real hasta el upcycling, pasando por la innovaci\u00f3n textil que convierte el residuo en nueva materia prima, esta mesa redonda re\u00fane voces que est\u00e1n redefiniendo el sistema desde dentro.<\/p>\n<p>La sesi\u00f3n ser\u00e1 moderada por S\u00f2nia Flotats, y contar\u00e1 con la participaci\u00f3n de Clara Guasch, directora de Girbau LAB; Joanna Lambert, CEO y cofundadora de \u00d2pera Garment Solutions; Sara D\u00edez, l\u00edder de The Post Fiber, y el t\u00e1ndem creativo Ot y Elna, fundadores de Atelier d\u2019Ars.<\/p>\n<p>Posteriormente tendr\u00e1 lugar un <strong>Styling Slam<\/strong>, con la colaboraci\u00f3n de los alumnos de IED Barcelona y Beyondwear: una muestra creativa de estilismo de moda con ropa de segunda mano, en la que tres alumnos estilistas deber\u00e1n crear un look completo en un tiempo limitado de 30 minutos.<\/p>\n<p><iframe loading=\"lazy\" title=\"vimeo-player\" src=\"https:\/\/player.vimeo.com\/video\/1128172948?h=7620e99e0b\" width=\"640\" height=\"360\" frameborder=\"0\" allowfullscreen=\"allowfullscreen\"><span data-mce-type=\"bookmark\" style=\"display: inline-block; width: 0px; overflow: hidden; line-height: 0;\" class=\"mce_SELRES_start\">\ufeff<\/span><\/iframe><\/p>\n","protected":false},"excerpt":{"rendered":"<p>Este a\u00f1o volvemos a colaborar con el Festival de Documentales de Moda Moritz Feed Doc en Barcelona para poner el foco en el cuidado de la ropa y en la importancia del tratamiento profesional de la moda para lograr la longevidad de las prendas que conforman un legado cultural fundamental. Como parte de nuestra participaci\u00f3n, [&hellip;]<\/p>\n","protected":false},"author":1,"featured_media":0,"parent":2901,"menu_order":0,"comment_status":"closed","ping_status":"closed","template":"page-culture-single.php","meta":{"_acf_changed":false,"footnotes":""},"class_list":["post-2968","page","type-page","status-publish","hentry"],"acf":[],"yoast_head":"<!-- This site is optimized with the Yoast SEO plugin v27.1.1 - https:\/\/yoast.com\/product\/yoast-seo-wordpress\/ -->\n<title>Moritz Feed Doc - Girbau LAB<\/title>\n<meta name=\"description\" content=\"Este a\u00f1o iniciamos desde Gribau LAB una colaboraci\u00f3n con el Festival de Documentales de Moda Moritz Feed Dog en Barcelona.\" \/>\n<meta name=\"robots\" content=\"index, follow, max-snippet:-1, max-image-preview:large, max-video-preview:-1\" \/>\n<link rel=\"canonical\" href=\"https:\/\/girbaulab.com\/es\/cultura\/moritz-feed-doc\/\" \/>\n<meta property=\"og:locale\" content=\"es_ES\" \/>\n<meta property=\"og:type\" content=\"article\" \/>\n<meta property=\"og:title\" content=\"Moritz Feed Doc - Girbau LAB\" \/>\n<meta property=\"og:description\" content=\"Este a\u00f1o iniciamos desde Gribau LAB una colaboraci\u00f3n con el Festival de Documentales de Moda Moritz Feed Dog en Barcelona.\" \/>\n<meta property=\"og:url\" content=\"https:\/\/girbaulab.com\/es\/cultura\/moritz-feed-doc\/\" \/>\n<meta property=\"og:site_name\" content=\"Girbau LAB\" \/>\n<meta property=\"article:modified_time\" content=\"2026-03-12T13:49:36+00:00\" \/>\n<meta name=\"twitter:card\" content=\"summary_large_image\" \/>\n<meta name=\"twitter:site\" content=\"@girbaulab\" \/>\n<meta name=\"twitter:label1\" content=\"Tiempo de lectura\" \/>\n\t<meta name=\"twitter:data1\" content=\"1 minuto\" \/>\n<script type=\"application\/ld+json\" class=\"yoast-schema-graph\">{\"@context\":\"https:\/\/schema.org\",\"@graph\":[{\"@type\":\"WebPage\",\"@id\":\"https:\/\/girbaulab.com\/es\/cultura\/moritz-feed-doc\/\",\"url\":\"https:\/\/girbaulab.com\/es\/cultura\/moritz-feed-doc\/\",\"name\":\"Moritz Feed Doc - Girbau LAB\",\"isPartOf\":{\"@id\":\"https:\/\/www.girbaulab.com\/#website\"},\"datePublished\":\"2025-03-18T09:19:35+00:00\",\"dateModified\":\"2026-03-12T13:49:36+00:00\",\"description\":\"Este a\u00f1o iniciamos desde Gribau LAB una colaboraci\u00f3n con el Festival de Documentales de Moda Moritz Feed Dog en Barcelona.\",\"breadcrumb\":{\"@id\":\"https:\/\/girbaulab.com\/es\/cultura\/moritz-feed-doc\/#breadcrumb\"},\"inLanguage\":\"es\",\"potentialAction\":[{\"@type\":\"ReadAction\",\"target\":[\"https:\/\/girbaulab.com\/es\/cultura\/moritz-feed-doc\/\"]}]},{\"@type\":\"BreadcrumbList\",\"@id\":\"https:\/\/girbaulab.com\/es\/cultura\/moritz-feed-doc\/#breadcrumb\",\"itemListElement\":[{\"@type\":\"ListItem\",\"position\":1,\"name\":\"Home\",\"item\":\"https:\/\/girbaulab.com\/es\/\"},{\"@type\":\"ListItem\",\"position\":2,\"name\":\"Cultura\",\"item\":\"https:\/\/girbaulab.com\/es\/cultura\/\"},{\"@type\":\"ListItem\",\"position\":3,\"name\":\"Moritz Feed Doc\"}]},{\"@type\":\"WebSite\",\"@id\":\"https:\/\/www.girbaulab.com\/#website\",\"url\":\"https:\/\/www.girbaulab.com\/\",\"name\":\"Girbau LAB\",\"description\":\"Girbau LAB is a space for collaboration created to add value to the laundry industry through innovation\",\"publisher\":{\"@id\":\"https:\/\/www.girbaulab.com\/#organization\"},\"potentialAction\":[{\"@type\":\"SearchAction\",\"target\":{\"@type\":\"EntryPoint\",\"urlTemplate\":\"https:\/\/www.girbaulab.com\/?s={search_term_string}\"},\"query-input\":{\"@type\":\"PropertyValueSpecification\",\"valueRequired\":true,\"valueName\":\"search_term_string\"}}],\"inLanguage\":\"es\"},{\"@type\":\"Organization\",\"@id\":\"https:\/\/www.girbaulab.com\/#organization\",\"name\":\"Girbau LAB\",\"url\":\"https:\/\/www.girbaulab.com\/\",\"logo\":{\"@type\":\"ImageObject\",\"inLanguage\":\"es\",\"@id\":\"https:\/\/www.girbaulab.com\/#\/schema\/logo\/image\/\",\"url\":\"https:\/\/hundreds-wordpress-uploads.s3.amazonaws.com\/girbaulab\/uploads\/2022\/10\/Girbau_LAB_logo.png\",\"contentUrl\":\"https:\/\/hundreds-wordpress-uploads.s3.amazonaws.com\/girbaulab\/uploads\/2022\/10\/Girbau_LAB_logo.png\",\"width\":562,\"height\":90,\"caption\":\"Girbau LAB\"},\"image\":{\"@id\":\"https:\/\/www.girbaulab.com\/#\/schema\/logo\/image\/\"},\"sameAs\":[\"https:\/\/x.com\/girbaulab\",\"https:\/\/www.linkedin.com\/company\/girbaulab\/\"]}]}<\/script>\n<!-- \/ Yoast SEO plugin. -->","yoast_head_json":{"title":"Moritz Feed Doc - Girbau LAB","description":"Este a\u00f1o iniciamos desde Gribau LAB una colaboraci\u00f3n con el Festival de Documentales de Moda Moritz Feed Dog en Barcelona.","robots":{"index":"index","follow":"follow","max-snippet":"max-snippet:-1","max-image-preview":"max-image-preview:large","max-video-preview":"max-video-preview:-1"},"canonical":"https:\/\/girbaulab.com\/es\/cultura\/moritz-feed-doc\/","og_locale":"es_ES","og_type":"article","og_title":"Moritz Feed Doc - Girbau LAB","og_description":"Este a\u00f1o iniciamos desde Gribau LAB una colaboraci\u00f3n con el Festival de Documentales de Moda Moritz Feed Dog en Barcelona.","og_url":"https:\/\/girbaulab.com\/es\/cultura\/moritz-feed-doc\/","og_site_name":"Girbau LAB","article_modified_time":"2026-03-12T13:49:36+00:00","twitter_card":"summary_large_image","twitter_site":"@girbaulab","twitter_misc":{"Tiempo de lectura":"1 minuto"},"schema":{"@context":"https:\/\/schema.org","@graph":[{"@type":"WebPage","@id":"https:\/\/girbaulab.com\/es\/cultura\/moritz-feed-doc\/","url":"https:\/\/girbaulab.com\/es\/cultura\/moritz-feed-doc\/","name":"Moritz Feed Doc - Girbau LAB","isPartOf":{"@id":"https:\/\/www.girbaulab.com\/#website"},"datePublished":"2025-03-18T09:19:35+00:00","dateModified":"2026-03-12T13:49:36+00:00","description":"Este a\u00f1o iniciamos desde Gribau LAB una colaboraci\u00f3n con el Festival de Documentales de Moda Moritz Feed Dog en Barcelona.","breadcrumb":{"@id":"https:\/\/girbaulab.com\/es\/cultura\/moritz-feed-doc\/#breadcrumb"},"inLanguage":"es","potentialAction":[{"@type":"ReadAction","target":["https:\/\/girbaulab.com\/es\/cultura\/moritz-feed-doc\/"]}]},{"@type":"BreadcrumbList","@id":"https:\/\/girbaulab.com\/es\/cultura\/moritz-feed-doc\/#breadcrumb","itemListElement":[{"@type":"ListItem","position":1,"name":"Home","item":"https:\/\/girbaulab.com\/es\/"},{"@type":"ListItem","position":2,"name":"Cultura","item":"https:\/\/girbaulab.com\/es\/cultura\/"},{"@type":"ListItem","position":3,"name":"Moritz Feed Doc"}]},{"@type":"WebSite","@id":"https:\/\/www.girbaulab.com\/#website","url":"https:\/\/www.girbaulab.com\/","name":"Girbau LAB","description":"Girbau LAB is a space for collaboration created to add value to the laundry industry through innovation","publisher":{"@id":"https:\/\/www.girbaulab.com\/#organization"},"potentialAction":[{"@type":"SearchAction","target":{"@type":"EntryPoint","urlTemplate":"https:\/\/www.girbaulab.com\/?s={search_term_string}"},"query-input":{"@type":"PropertyValueSpecification","valueRequired":true,"valueName":"search_term_string"}}],"inLanguage":"es"},{"@type":"Organization","@id":"https:\/\/www.girbaulab.com\/#organization","name":"Girbau LAB","url":"https:\/\/www.girbaulab.com\/","logo":{"@type":"ImageObject","inLanguage":"es","@id":"https:\/\/www.girbaulab.com\/#\/schema\/logo\/image\/","url":"https:\/\/hundreds-wordpress-uploads.s3.amazonaws.com\/girbaulab\/uploads\/2022\/10\/Girbau_LAB_logo.png","contentUrl":"https:\/\/hundreds-wordpress-uploads.s3.amazonaws.com\/girbaulab\/uploads\/2022\/10\/Girbau_LAB_logo.png","width":562,"height":90,"caption":"Girbau LAB"},"image":{"@id":"https:\/\/www.girbaulab.com\/#\/schema\/logo\/image\/"},"sameAs":["https:\/\/x.com\/girbaulab","https:\/\/www.linkedin.com\/company\/girbaulab\/"]}]}},"_links":{"self":[{"href":"https:\/\/girbaulab.com\/es\/wp-json\/wp\/v2\/pages\/2968","targetHints":{"allow":["GET"]}}],"collection":[{"href":"https:\/\/girbaulab.com\/es\/wp-json\/wp\/v2\/pages"}],"about":[{"href":"https:\/\/girbaulab.com\/es\/wp-json\/wp\/v2\/types\/page"}],"author":[{"embeddable":true,"href":"https:\/\/girbaulab.com\/es\/wp-json\/wp\/v2\/users\/1"}],"replies":[{"embeddable":true,"href":"https:\/\/girbaulab.com\/es\/wp-json\/wp\/v2\/comments?post=2968"}],"version-history":[{"count":10,"href":"https:\/\/girbaulab.com\/es\/wp-json\/wp\/v2\/pages\/2968\/revisions"}],"predecessor-version":[{"id":4207,"href":"https:\/\/girbaulab.com\/es\/wp-json\/wp\/v2\/pages\/2968\/revisions\/4207"}],"up":[{"embeddable":true,"href":"https:\/\/girbaulab.com\/es\/wp-json\/wp\/v2\/pages\/2901"}],"wp:attachment":[{"href":"https:\/\/girbaulab.com\/es\/wp-json\/wp\/v2\/media?parent=2968"}],"curies":[{"name":"wp","href":"https:\/\/api.w.org\/{rel}","templated":true}]}}