{"id":2967,"date":"2025-03-18T09:19:35","date_gmt":"2025-03-18T09:19:35","guid":{"rendered":"https:\/\/girbaulab.com\/cultura\/moritz-feed-dog\/"},"modified":"2026-03-12T10:43:03","modified_gmt":"2026-03-12T10:43:03","slug":"moritz-feed-doc","status":"publish","type":"page","link":"https:\/\/girbaulab.com\/ca\/cultura\/moritz-feed-doc\/","title":{"rendered":"Moritz Feed Doc"},"content":{"rendered":"<p>Aquest any tornem a col\u00b7laborar amb el <a href=\"https:\/\/moritz.feeddoc.org\/ca\/inici\/\" target=\"_blank\" rel=\"noopener\">Festival de Documentals de Moda Moritz Feed Doc<\/a> a Barcelona per posar el focus en la cura de la roba i en la import\u00e0ncia del tractament professional de la moda per assolir la longevitat de les peces que conformen un llegat cultural fonamental.<\/p>\n<p>Com a part de la nostra participaci\u00f3, intervenim en el di\u00e0leg obert <strong>\u201cEl present com a llegat\u201d<\/strong>, que se celebrar\u00e0 a la Casa Capell el dia 19 de mar\u00e7 a les 16.30 h. El present com a llegat \u00e9s una conversa viva que connecta temps i responsabilitats. Des de la circularitat real fins a l\u2019upcycling, passant per la innovaci\u00f3 t\u00e8xtil que converteix el residu en nova mat\u00e8ria primera, aquesta taula rodona reuneix veus que estan redefinint el sistema des de dins.<\/p>\n<p>La sessi\u00f3 ser\u00e0 moderada per S\u00f2nia Flotats, i hi participaran Clara Guasch, directora de Girbau LAB; Joanna Lambert, CEO i cofundadora d\u2019\u00d2pera Garment Solutions; Sara D\u00edez, l\u00edder de The Post Fiber, i el t\u00e0ndem creatiu Ot i Elna, fundadors d\u2019Atelier d\u2019Ars.<\/p>\n<p>Posteriorment, tindr\u00e0 lloc un <strong>Styling Slam,<\/strong> amb la col\u00b7laboraci\u00f3 dels alumnes d\u2019IED Barcelona i Beyondwear: una mostra creativa d\u2019estilisme de moda amb roba de segona m\u00e0, en qu\u00e8 tres alumnes estilistes hauran de crear un look complet en un temps limitat de 30 minuts.<\/p>\n<p><iframe loading=\"lazy\" title=\"vimeo-player\" src=\"https:\/\/player.vimeo.com\/video\/1128172948?h=7620e99e0b\" width=\"640\" height=\"360\" frameborder=\"0\" allowfullscreen=\"allowfullscreen\"><span data-mce-type=\"bookmark\" style=\"display: inline-block; width: 0px; overflow: hidden; line-height: 0;\" class=\"mce_SELRES_start\">\ufeff<\/span><\/iframe><\/p>\n","protected":false},"excerpt":{"rendered":"<p>Aquest any tornem a col\u00b7laborar amb el Festival de Documentals de Moda Moritz Feed Doc a Barcelona per posar el focus en la cura de la roba i en la import\u00e0ncia del tractament professional de la moda per assolir la longevitat de les peces que conformen un llegat cultural fonamental. Com a part de la [&hellip;]<\/p>\n","protected":false},"author":1,"featured_media":0,"parent":2900,"menu_order":0,"comment_status":"closed","ping_status":"closed","template":"page-culture-single.php","meta":{"_acf_changed":false,"footnotes":""},"class_list":["post-2967","page","type-page","status-publish","hentry"],"acf":[],"yoast_head":"<!-- This site is optimized with the Yoast SEO plugin v27.1.1 - https:\/\/yoast.com\/product\/yoast-seo-wordpress\/ -->\n<title>Moritz Feed Doc - Girbau LAB<\/title>\n<meta name=\"robots\" content=\"index, follow, max-snippet:-1, max-image-preview:large, max-video-preview:-1\" \/>\n<link rel=\"canonical\" href=\"https:\/\/girbaulab.com\/ca\/cultura\/moritz-feed-doc\/\" \/>\n<meta property=\"og:locale\" content=\"ca_ES\" \/>\n<meta property=\"og:type\" content=\"article\" \/>\n<meta property=\"og:title\" content=\"Moritz Feed Doc - Girbau LAB\" \/>\n<meta property=\"og:description\" content=\"Aquest any tornem a col\u00b7laborar amb el Festival de Documentals de Moda Moritz Feed Doc a Barcelona per posar el focus en la cura de la roba i en la import\u00e0ncia del tractament professional de la moda per assolir la longevitat de les peces que conformen un llegat cultural fonamental. Com a part de la [&hellip;]\" \/>\n<meta property=\"og:url\" content=\"https:\/\/girbaulab.com\/ca\/cultura\/moritz-feed-doc\/\" \/>\n<meta property=\"og:site_name\" content=\"Girbau LAB\" \/>\n<meta property=\"article:modified_time\" content=\"2026-03-12T10:43:03+00:00\" \/>\n<meta name=\"twitter:card\" content=\"summary_large_image\" \/>\n<meta name=\"twitter:site\" content=\"@girbaulab\" \/>\n<meta name=\"twitter:label1\" content=\"Est. reading time\" \/>\n\t<meta name=\"twitter:data1\" content=\"1 minute\" \/>\n<script type=\"application\/ld+json\" class=\"yoast-schema-graph\">{\"@context\":\"https:\/\/schema.org\",\"@graph\":[{\"@type\":\"WebPage\",\"@id\":\"https:\/\/girbaulab.com\/ca\/cultura\/moritz-feed-doc\/\",\"url\":\"https:\/\/girbaulab.com\/ca\/cultura\/moritz-feed-doc\/\",\"name\":\"Moritz Feed Doc - Girbau LAB\",\"isPartOf\":{\"@id\":\"https:\/\/www.girbaulab.com\/#website\"},\"datePublished\":\"2025-03-18T09:19:35+00:00\",\"dateModified\":\"2026-03-12T10:43:03+00:00\",\"breadcrumb\":{\"@id\":\"https:\/\/girbaulab.com\/ca\/cultura\/moritz-feed-doc\/#breadcrumb\"},\"inLanguage\":\"ca\",\"potentialAction\":[{\"@type\":\"ReadAction\",\"target\":[\"https:\/\/girbaulab.com\/ca\/cultura\/moritz-feed-doc\/\"]}]},{\"@type\":\"BreadcrumbList\",\"@id\":\"https:\/\/girbaulab.com\/ca\/cultura\/moritz-feed-doc\/#breadcrumb\",\"itemListElement\":[{\"@type\":\"ListItem\",\"position\":1,\"name\":\"Home\",\"item\":\"https:\/\/girbaulab.com\/ca\/\"},{\"@type\":\"ListItem\",\"position\":2,\"name\":\"Cultura\",\"item\":\"http:\/\/www.girbaulab.com\/ca\/cultura\/\"},{\"@type\":\"ListItem\",\"position\":3,\"name\":\"Moritz Feed Doc\"}]},{\"@type\":\"WebSite\",\"@id\":\"https:\/\/www.girbaulab.com\/#website\",\"url\":\"https:\/\/www.girbaulab.com\/\",\"name\":\"Girbau LAB\",\"description\":\"Girbau LAB is a space for collaboration created to add value to the laundry industry through innovation\",\"publisher\":{\"@id\":\"https:\/\/www.girbaulab.com\/#organization\"},\"potentialAction\":[{\"@type\":\"SearchAction\",\"target\":{\"@type\":\"EntryPoint\",\"urlTemplate\":\"https:\/\/www.girbaulab.com\/?s={search_term_string}\"},\"query-input\":{\"@type\":\"PropertyValueSpecification\",\"valueRequired\":true,\"valueName\":\"search_term_string\"}}],\"inLanguage\":\"ca\"},{\"@type\":\"Organization\",\"@id\":\"https:\/\/www.girbaulab.com\/#organization\",\"name\":\"Girbau LAB\",\"url\":\"https:\/\/www.girbaulab.com\/\",\"logo\":{\"@type\":\"ImageObject\",\"inLanguage\":\"ca\",\"@id\":\"https:\/\/www.girbaulab.com\/#\/schema\/logo\/image\/\",\"url\":\"https:\/\/hundreds-wordpress-uploads.s3.amazonaws.com\/girbaulab\/uploads\/2022\/10\/Girbau_LAB_logo.png\",\"contentUrl\":\"https:\/\/hundreds-wordpress-uploads.s3.amazonaws.com\/girbaulab\/uploads\/2022\/10\/Girbau_LAB_logo.png\",\"width\":562,\"height\":90,\"caption\":\"Girbau LAB\"},\"image\":{\"@id\":\"https:\/\/www.girbaulab.com\/#\/schema\/logo\/image\/\"},\"sameAs\":[\"https:\/\/x.com\/girbaulab\",\"https:\/\/www.linkedin.com\/company\/girbaulab\/\"]}]}<\/script>\n<!-- \/ Yoast SEO plugin. -->","yoast_head_json":{"title":"Moritz Feed Doc - Girbau LAB","robots":{"index":"index","follow":"follow","max-snippet":"max-snippet:-1","max-image-preview":"max-image-preview:large","max-video-preview":"max-video-preview:-1"},"canonical":"https:\/\/girbaulab.com\/ca\/cultura\/moritz-feed-doc\/","og_locale":"ca_ES","og_type":"article","og_title":"Moritz Feed Doc - Girbau LAB","og_description":"Aquest any tornem a col\u00b7laborar amb el Festival de Documentals de Moda Moritz Feed Doc a Barcelona per posar el focus en la cura de la roba i en la import\u00e0ncia del tractament professional de la moda per assolir la longevitat de les peces que conformen un llegat cultural fonamental. Com a part de la [&hellip;]","og_url":"https:\/\/girbaulab.com\/ca\/cultura\/moritz-feed-doc\/","og_site_name":"Girbau LAB","article_modified_time":"2026-03-12T10:43:03+00:00","twitter_card":"summary_large_image","twitter_site":"@girbaulab","twitter_misc":{"Est. reading time":"1 minute"},"schema":{"@context":"https:\/\/schema.org","@graph":[{"@type":"WebPage","@id":"https:\/\/girbaulab.com\/ca\/cultura\/moritz-feed-doc\/","url":"https:\/\/girbaulab.com\/ca\/cultura\/moritz-feed-doc\/","name":"Moritz Feed Doc - Girbau LAB","isPartOf":{"@id":"https:\/\/www.girbaulab.com\/#website"},"datePublished":"2025-03-18T09:19:35+00:00","dateModified":"2026-03-12T10:43:03+00:00","breadcrumb":{"@id":"https:\/\/girbaulab.com\/ca\/cultura\/moritz-feed-doc\/#breadcrumb"},"inLanguage":"ca","potentialAction":[{"@type":"ReadAction","target":["https:\/\/girbaulab.com\/ca\/cultura\/moritz-feed-doc\/"]}]},{"@type":"BreadcrumbList","@id":"https:\/\/girbaulab.com\/ca\/cultura\/moritz-feed-doc\/#breadcrumb","itemListElement":[{"@type":"ListItem","position":1,"name":"Home","item":"https:\/\/girbaulab.com\/ca\/"},{"@type":"ListItem","position":2,"name":"Cultura","item":"http:\/\/www.girbaulab.com\/ca\/cultura\/"},{"@type":"ListItem","position":3,"name":"Moritz Feed Doc"}]},{"@type":"WebSite","@id":"https:\/\/www.girbaulab.com\/#website","url":"https:\/\/www.girbaulab.com\/","name":"Girbau LAB","description":"Girbau LAB is a space for collaboration created to add value to the laundry industry through innovation","publisher":{"@id":"https:\/\/www.girbaulab.com\/#organization"},"potentialAction":[{"@type":"SearchAction","target":{"@type":"EntryPoint","urlTemplate":"https:\/\/www.girbaulab.com\/?s={search_term_string}"},"query-input":{"@type":"PropertyValueSpecification","valueRequired":true,"valueName":"search_term_string"}}],"inLanguage":"ca"},{"@type":"Organization","@id":"https:\/\/www.girbaulab.com\/#organization","name":"Girbau LAB","url":"https:\/\/www.girbaulab.com\/","logo":{"@type":"ImageObject","inLanguage":"ca","@id":"https:\/\/www.girbaulab.com\/#\/schema\/logo\/image\/","url":"https:\/\/hundreds-wordpress-uploads.s3.amazonaws.com\/girbaulab\/uploads\/2022\/10\/Girbau_LAB_logo.png","contentUrl":"https:\/\/hundreds-wordpress-uploads.s3.amazonaws.com\/girbaulab\/uploads\/2022\/10\/Girbau_LAB_logo.png","width":562,"height":90,"caption":"Girbau LAB"},"image":{"@id":"https:\/\/www.girbaulab.com\/#\/schema\/logo\/image\/"},"sameAs":["https:\/\/x.com\/girbaulab","https:\/\/www.linkedin.com\/company\/girbaulab\/"]}]}},"_links":{"self":[{"href":"https:\/\/girbaulab.com\/ca\/wp-json\/wp\/v2\/pages\/2967","targetHints":{"allow":["GET"]}}],"collection":[{"href":"https:\/\/girbaulab.com\/ca\/wp-json\/wp\/v2\/pages"}],"about":[{"href":"https:\/\/girbaulab.com\/ca\/wp-json\/wp\/v2\/types\/page"}],"author":[{"embeddable":true,"href":"https:\/\/girbaulab.com\/ca\/wp-json\/wp\/v2\/users\/1"}],"replies":[{"embeddable":true,"href":"https:\/\/girbaulab.com\/ca\/wp-json\/wp\/v2\/comments?post=2967"}],"version-history":[{"count":11,"href":"https:\/\/girbaulab.com\/ca\/wp-json\/wp\/v2\/pages\/2967\/revisions"}],"predecessor-version":[{"id":4197,"href":"https:\/\/girbaulab.com\/ca\/wp-json\/wp\/v2\/pages\/2967\/revisions\/4197"}],"up":[{"embeddable":true,"href":"https:\/\/girbaulab.com\/ca\/wp-json\/wp\/v2\/pages\/2900"}],"wp:attachment":[{"href":"https:\/\/girbaulab.com\/ca\/wp-json\/wp\/v2\/media?parent=2967"}],"curies":[{"name":"wp","href":"https:\/\/api.w.org\/{rel}","templated":true}]}}