{"id":266,"date":"2022-09-09T07:47:00","date_gmt":"2022-09-09T07:47:00","guid":{"rendered":"https:\/\/labs.100x100.net\/projects\/girbaulab\/innovators-club\/"},"modified":"2026-03-11T00:09:27","modified_gmt":"2026-03-11T00:09:27","slug":"club-innovadors","status":"publish","type":"page","link":"https:\/\/girbaulab.com\/ca\/cultura\/club-innovadors\/","title":{"rendered":"Club d\u2019Innovadors"},"content":{"rendered":"","protected":false},"excerpt":{"rendered":"","protected":false},"author":1,"featured_media":0,"parent":2900,"menu_order":0,"comment_status":"closed","ping_status":"closed","template":"page-innovators.php","meta":{"_acf_changed":false,"footnotes":""},"class_list":["post-266","page","type-page","status-publish","hentry"],"acf":[],"yoast_head":"<!-- This site is optimized with the Yoast SEO plugin v27.1.1 - https:\/\/yoast.com\/product\/yoast-seo-wordpress\/ -->\n<title>Club d\u2019Innovadors - Girbau LAB<\/title>\n<meta name=\"description\" content=\"El Club dels Innovadors \u00e9s el f\u00f2rum de Girbau Lab per intercanviar idees i reflexions relatives a la innovaci\u00f3.\" \/>\n<meta name=\"robots\" content=\"index, follow, max-snippet:-1, max-image-preview:large, max-video-preview:-1\" \/>\n<link rel=\"canonical\" href=\"https:\/\/girbaulab.com\/ca\/cultura\/club-innovadors\/\" \/>\n<meta property=\"og:locale\" content=\"ca_ES\" \/>\n<meta property=\"og:type\" content=\"article\" \/>\n<meta property=\"og:title\" content=\"Club d\u2019Innovadors - Girbau LAB\" \/>\n<meta property=\"og:description\" content=\"El Club dels Innovadors \u00e9s el f\u00f2rum de Girbau Lab per intercanviar idees i reflexions relatives a la innovaci\u00f3.\" \/>\n<meta property=\"og:url\" content=\"https:\/\/girbaulab.com\/ca\/cultura\/club-innovadors\/\" \/>\n<meta property=\"og:site_name\" content=\"Girbau LAB\" \/>\n<meta property=\"article:modified_time\" content=\"2026-03-11T00:09:27+00:00\" \/>\n<meta property=\"og:image\" content=\"https:\/\/hundreds-wordpress-uploads.s3.amazonaws.com\/girbaulab\/uploads\/2022\/10\/girbau_LAB_beyond_laundry.jpg\" \/>\n\t<meta property=\"og:image:width\" content=\"400\" \/>\n\t<meta property=\"og:image:height\" content=\"219\" \/>\n\t<meta property=\"og:image:type\" content=\"image\/jpeg\" \/>\n<meta name=\"twitter:card\" content=\"summary_large_image\" \/>\n<meta name=\"twitter:image\" content=\"https:\/\/hundreds-wordpress-uploads.s3.amazonaws.com\/girbaulab\/uploads\/2022\/10\/girbau_LAB_beyond_laundry.jpg\" \/>\n<meta name=\"twitter:site\" content=\"@girbaulab\" \/>\n<script type=\"application\/ld+json\" class=\"yoast-schema-graph\">{\"@context\":\"https:\/\/schema.org\",\"@graph\":[{\"@type\":\"WebPage\",\"@id\":\"https:\/\/girbaulab.com\/ca\/cultura\/club-innovadors\/\",\"url\":\"https:\/\/girbaulab.com\/ca\/cultura\/club-innovadors\/\",\"name\":\"Club d\u2019Innovadors - Girbau LAB\",\"isPartOf\":{\"@id\":\"http:\/\/girbaulab.com\/#website\"},\"datePublished\":\"2022-09-09T07:47:00+00:00\",\"dateModified\":\"2026-03-11T00:09:27+00:00\",\"description\":\"El Club dels Innovadors \u00e9s el f\u00f2rum de Girbau Lab per intercanviar idees i reflexions relatives a la innovaci\u00f3.\",\"breadcrumb\":{\"@id\":\"https:\/\/girbaulab.com\/ca\/cultura\/club-innovadors\/#breadcrumb\"},\"inLanguage\":\"ca\",\"potentialAction\":[{\"@type\":\"ReadAction\",\"target\":[\"https:\/\/girbaulab.com\/ca\/cultura\/club-innovadors\/\"]}]},{\"@type\":\"BreadcrumbList\",\"@id\":\"https:\/\/girbaulab.com\/ca\/cultura\/club-innovadors\/#breadcrumb\",\"itemListElement\":[{\"@type\":\"ListItem\",\"position\":1,\"name\":\"Home\",\"item\":\"https:\/\/girbaulab.com\/ca\/\"},{\"@type\":\"ListItem\",\"position\":2,\"name\":\"Cultura\",\"item\":\"https:\/\/girbaulab.com\/ca\/cultura\/\"},{\"@type\":\"ListItem\",\"position\":3,\"name\":\"Club d\u2019Innovadors\"}]},{\"@type\":\"WebSite\",\"@id\":\"http:\/\/girbaulab.com\/#website\",\"url\":\"http:\/\/girbaulab.com\/\",\"name\":\"Girbau LAB\",\"description\":\"Girbau LAB is a space for collaboration created to add value to the laundry industry through innovation\",\"publisher\":{\"@id\":\"http:\/\/girbaulab.com\/#organization\"},\"potentialAction\":[{\"@type\":\"SearchAction\",\"target\":{\"@type\":\"EntryPoint\",\"urlTemplate\":\"http:\/\/girbaulab.com\/?s={search_term_string}\"},\"query-input\":{\"@type\":\"PropertyValueSpecification\",\"valueRequired\":true,\"valueName\":\"search_term_string\"}}],\"inLanguage\":\"ca\"},{\"@type\":\"Organization\",\"@id\":\"http:\/\/girbaulab.com\/#organization\",\"name\":\"Girbau LAB\",\"url\":\"http:\/\/girbaulab.com\/\",\"logo\":{\"@type\":\"ImageObject\",\"inLanguage\":\"ca\",\"@id\":\"http:\/\/girbaulab.com\/#\/schema\/logo\/image\/\",\"url\":\"https:\/\/hundreds-wordpress-uploads.s3.amazonaws.com\/girbaulab\/uploads\/2022\/10\/Girbau_LAB_logo.png\",\"contentUrl\":\"https:\/\/hundreds-wordpress-uploads.s3.amazonaws.com\/girbaulab\/uploads\/2022\/10\/Girbau_LAB_logo.png\",\"width\":562,\"height\":90,\"caption\":\"Girbau LAB\"},\"image\":{\"@id\":\"http:\/\/girbaulab.com\/#\/schema\/logo\/image\/\"},\"sameAs\":[\"https:\/\/x.com\/girbaulab\",\"https:\/\/www.linkedin.com\/company\/girbaulab\/\"]}]}<\/script>\n<!-- \/ Yoast SEO plugin. -->","yoast_head_json":{"title":"Club d\u2019Innovadors - Girbau LAB","description":"El Club dels Innovadors \u00e9s el f\u00f2rum de Girbau Lab per intercanviar idees i reflexions relatives a la innovaci\u00f3.","robots":{"index":"index","follow":"follow","max-snippet":"max-snippet:-1","max-image-preview":"max-image-preview:large","max-video-preview":"max-video-preview:-1"},"canonical":"https:\/\/girbaulab.com\/ca\/cultura\/club-innovadors\/","og_locale":"ca_ES","og_type":"article","og_title":"Club d\u2019Innovadors - Girbau LAB","og_description":"El Club dels Innovadors \u00e9s el f\u00f2rum de Girbau Lab per intercanviar idees i reflexions relatives a la innovaci\u00f3.","og_url":"https:\/\/girbaulab.com\/ca\/cultura\/club-innovadors\/","og_site_name":"Girbau LAB","article_modified_time":"2026-03-11T00:09:27+00:00","og_image":[{"width":400,"height":219,"url":"https:\/\/hundreds-wordpress-uploads.s3.amazonaws.com\/girbaulab\/uploads\/2022\/10\/girbau_LAB_beyond_laundry.jpg","type":"image\/jpeg"}],"twitter_card":"summary_large_image","twitter_image":"https:\/\/hundreds-wordpress-uploads.s3.amazonaws.com\/girbaulab\/uploads\/2022\/10\/girbau_LAB_beyond_laundry.jpg","twitter_site":"@girbaulab","schema":{"@context":"https:\/\/schema.org","@graph":[{"@type":"WebPage","@id":"https:\/\/girbaulab.com\/ca\/cultura\/club-innovadors\/","url":"https:\/\/girbaulab.com\/ca\/cultura\/club-innovadors\/","name":"Club d\u2019Innovadors - Girbau LAB","isPartOf":{"@id":"http:\/\/girbaulab.com\/#website"},"datePublished":"2022-09-09T07:47:00+00:00","dateModified":"2026-03-11T00:09:27+00:00","description":"El Club dels Innovadors \u00e9s el f\u00f2rum de Girbau Lab per intercanviar idees i reflexions relatives a la innovaci\u00f3.","breadcrumb":{"@id":"https:\/\/girbaulab.com\/ca\/cultura\/club-innovadors\/#breadcrumb"},"inLanguage":"ca","potentialAction":[{"@type":"ReadAction","target":["https:\/\/girbaulab.com\/ca\/cultura\/club-innovadors\/"]}]},{"@type":"BreadcrumbList","@id":"https:\/\/girbaulab.com\/ca\/cultura\/club-innovadors\/#breadcrumb","itemListElement":[{"@type":"ListItem","position":1,"name":"Home","item":"https:\/\/girbaulab.com\/ca\/"},{"@type":"ListItem","position":2,"name":"Cultura","item":"https:\/\/girbaulab.com\/ca\/cultura\/"},{"@type":"ListItem","position":3,"name":"Club d\u2019Innovadors"}]},{"@type":"WebSite","@id":"http:\/\/girbaulab.com\/#website","url":"http:\/\/girbaulab.com\/","name":"Girbau LAB","description":"Girbau LAB is a space for collaboration created to add value to the laundry industry through innovation","publisher":{"@id":"http:\/\/girbaulab.com\/#organization"},"potentialAction":[{"@type":"SearchAction","target":{"@type":"EntryPoint","urlTemplate":"http:\/\/girbaulab.com\/?s={search_term_string}"},"query-input":{"@type":"PropertyValueSpecification","valueRequired":true,"valueName":"search_term_string"}}],"inLanguage":"ca"},{"@type":"Organization","@id":"http:\/\/girbaulab.com\/#organization","name":"Girbau LAB","url":"http:\/\/girbaulab.com\/","logo":{"@type":"ImageObject","inLanguage":"ca","@id":"http:\/\/girbaulab.com\/#\/schema\/logo\/image\/","url":"https:\/\/hundreds-wordpress-uploads.s3.amazonaws.com\/girbaulab\/uploads\/2022\/10\/Girbau_LAB_logo.png","contentUrl":"https:\/\/hundreds-wordpress-uploads.s3.amazonaws.com\/girbaulab\/uploads\/2022\/10\/Girbau_LAB_logo.png","width":562,"height":90,"caption":"Girbau LAB"},"image":{"@id":"http:\/\/girbaulab.com\/#\/schema\/logo\/image\/"},"sameAs":["https:\/\/x.com\/girbaulab","https:\/\/www.linkedin.com\/company\/girbaulab\/"]}]}},"_links":{"self":[{"href":"https:\/\/girbaulab.com\/ca\/wp-json\/wp\/v2\/pages\/266","targetHints":{"allow":["GET"]}}],"collection":[{"href":"https:\/\/girbaulab.com\/ca\/wp-json\/wp\/v2\/pages"}],"about":[{"href":"https:\/\/girbaulab.com\/ca\/wp-json\/wp\/v2\/types\/page"}],"author":[{"embeddable":true,"href":"https:\/\/girbaulab.com\/ca\/wp-json\/wp\/v2\/users\/1"}],"replies":[{"embeddable":true,"href":"https:\/\/girbaulab.com\/ca\/wp-json\/wp\/v2\/comments?post=266"}],"version-history":[{"count":27,"href":"https:\/\/girbaulab.com\/ca\/wp-json\/wp\/v2\/pages\/266\/revisions"}],"predecessor-version":[{"id":4119,"href":"https:\/\/girbaulab.com\/ca\/wp-json\/wp\/v2\/pages\/266\/revisions\/4119"}],"up":[{"embeddable":true,"href":"https:\/\/girbaulab.com\/ca\/wp-json\/wp\/v2\/pages\/2900"}],"wp:attachment":[{"href":"https:\/\/girbaulab.com\/ca\/wp-json\/wp\/v2\/media?parent=266"}],"curies":[{"name":"wp","href":"https:\/\/api.w.org\/{rel}","templated":true}]}}