{"id":220,"date":"2022-09-08T17:47:36","date_gmt":"2022-09-08T17:47:36","guid":{"rendered":"https:\/\/labs.100x100.net\/projects\/girbaulab\/thank-you\/"},"modified":"2022-10-04T15:11:45","modified_gmt":"2022-10-04T15:11:45","slug":"gracies","status":"publish","type":"page","link":"https:\/\/girbaulab.com\/ca\/gracies\/","title":{"rendered":"Gr\u00e0cies"},"content":{"rendered":"<p style=\"text-align: center;\">El teu email s\u2019ha enviat correctament. Gr\u00e0cies pel teu inter\u00e8s.<\/p>\n<p style=\"text-align: center;\">Ens posarem en contacte amb tu al m\u00e9s aviat possible.<\/p>\n<p style=\"text-align: center;\">Atentament.<br \/>\nEquip Girbau LAB<\/p>\n","protected":false},"excerpt":{"rendered":"<p>El teu email s\u2019ha enviat correctament. Gr\u00e0cies pel teu inter\u00e8s. Ens posarem en contacte amb tu al m\u00e9s aviat possible. Atentament. Equip Girbau LAB<\/p>\n","protected":false},"author":1,"featured_media":0,"parent":0,"menu_order":0,"comment_status":"closed","ping_status":"closed","template":"page-thankyou.php","meta":{"_acf_changed":false,"footnotes":""},"class_list":["post-220","page","type-page","status-publish","hentry"],"acf":[],"yoast_head":"<!-- This site is optimized with the Yoast SEO plugin v27.1.1 - https:\/\/yoast.com\/product\/yoast-seo-wordpress\/ -->\n<title>Gr\u00e0cies - Girbau LAB<\/title>\n<meta name=\"robots\" content=\"noindex, nofollow\" \/>\n<meta property=\"og:locale\" content=\"ca_ES\" \/>\n<meta property=\"og:type\" content=\"article\" \/>\n<meta property=\"og:title\" content=\"Gr\u00e0cies - Girbau LAB\" \/>\n<meta property=\"og:description\" content=\"El teu email s\u2019ha enviat correctament. Gr\u00e0cies pel teu inter\u00e8s. Ens posarem en contacte amb tu al m\u00e9s aviat possible. Atentament. Equip Girbau LAB\" \/>\n<meta property=\"og:url\" content=\"https:\/\/girbaulab.com\/ca\/gracies\/\" \/>\n<meta property=\"og:site_name\" content=\"Girbau LAB\" \/>\n<meta property=\"article:modified_time\" content=\"2022-10-04T15:11:45+00:00\" \/>\n<meta name=\"twitter:card\" content=\"summary_large_image\" \/>\n<meta name=\"twitter:site\" content=\"@girbaulab\" \/>\n<meta name=\"twitter:label1\" content=\"Est. reading time\" \/>\n\t<meta name=\"twitter:data1\" content=\"1 minute\" \/>\n<script type=\"application\/ld+json\" class=\"yoast-schema-graph\">{\"@context\":\"https:\/\/schema.org\",\"@graph\":[{\"@type\":\"WebPage\",\"@id\":\"https:\/\/girbaulab.com\/ca\/gracies\/\",\"url\":\"https:\/\/girbaulab.com\/ca\/gracies\/\",\"name\":\"Gr\u00e0cies - Girbau LAB\",\"isPartOf\":{\"@id\":\"http:\/\/girbaulab.com\/#website\"},\"datePublished\":\"2022-09-08T17:47:36+00:00\",\"dateModified\":\"2022-10-04T15:11:45+00:00\",\"breadcrumb\":{\"@id\":\"https:\/\/girbaulab.com\/ca\/gracies\/#breadcrumb\"},\"inLanguage\":\"ca\",\"potentialAction\":[{\"@type\":\"ReadAction\",\"target\":[\"https:\/\/girbaulab.com\/ca\/gracies\/\"]}]},{\"@type\":\"BreadcrumbList\",\"@id\":\"https:\/\/girbaulab.com\/ca\/gracies\/#breadcrumb\",\"itemListElement\":[{\"@type\":\"ListItem\",\"position\":1,\"name\":\"Home\",\"item\":\"https:\/\/www.girbaulab.com\/ca\/\"},{\"@type\":\"ListItem\",\"position\":2,\"name\":\"Gr\u00e0cies\"}]},{\"@type\":\"WebSite\",\"@id\":\"http:\/\/girbaulab.com\/#website\",\"url\":\"http:\/\/girbaulab.com\/\",\"name\":\"Girbau LAB\",\"description\":\"Girbau LAB is a space for collaboration created to add value to the laundry industry through innovation\",\"publisher\":{\"@id\":\"http:\/\/girbaulab.com\/#organization\"},\"potentialAction\":[{\"@type\":\"SearchAction\",\"target\":{\"@type\":\"EntryPoint\",\"urlTemplate\":\"http:\/\/girbaulab.com\/?s={search_term_string}\"},\"query-input\":{\"@type\":\"PropertyValueSpecification\",\"valueRequired\":true,\"valueName\":\"search_term_string\"}}],\"inLanguage\":\"ca\"},{\"@type\":\"Organization\",\"@id\":\"http:\/\/girbaulab.com\/#organization\",\"name\":\"Girbau LAB\",\"url\":\"http:\/\/girbaulab.com\/\",\"logo\":{\"@type\":\"ImageObject\",\"inLanguage\":\"ca\",\"@id\":\"http:\/\/girbaulab.com\/#\/schema\/logo\/image\/\",\"url\":\"https:\/\/hundreds-wordpress-uploads.s3.amazonaws.com\/girbaulab\/uploads\/2022\/10\/Girbau_LAB_logo.png\",\"contentUrl\":\"https:\/\/hundreds-wordpress-uploads.s3.amazonaws.com\/girbaulab\/uploads\/2022\/10\/Girbau_LAB_logo.png\",\"width\":562,\"height\":90,\"caption\":\"Girbau LAB\"},\"image\":{\"@id\":\"http:\/\/girbaulab.com\/#\/schema\/logo\/image\/\"},\"sameAs\":[\"https:\/\/x.com\/girbaulab\",\"https:\/\/www.linkedin.com\/company\/girbaulab\/\"]}]}<\/script>\n<!-- \/ Yoast SEO plugin. -->","yoast_head_json":{"title":"Gr\u00e0cies - Girbau LAB","robots":{"index":"noindex","follow":"nofollow"},"og_locale":"ca_ES","og_type":"article","og_title":"Gr\u00e0cies - Girbau LAB","og_description":"El teu email s\u2019ha enviat correctament. Gr\u00e0cies pel teu inter\u00e8s. Ens posarem en contacte amb tu al m\u00e9s aviat possible. Atentament. Equip Girbau LAB","og_url":"https:\/\/girbaulab.com\/ca\/gracies\/","og_site_name":"Girbau LAB","article_modified_time":"2022-10-04T15:11:45+00:00","twitter_card":"summary_large_image","twitter_site":"@girbaulab","twitter_misc":{"Est. reading time":"1 minute"},"schema":{"@context":"https:\/\/schema.org","@graph":[{"@type":"WebPage","@id":"https:\/\/girbaulab.com\/ca\/gracies\/","url":"https:\/\/girbaulab.com\/ca\/gracies\/","name":"Gr\u00e0cies - Girbau LAB","isPartOf":{"@id":"http:\/\/girbaulab.com\/#website"},"datePublished":"2022-09-08T17:47:36+00:00","dateModified":"2022-10-04T15:11:45+00:00","breadcrumb":{"@id":"https:\/\/girbaulab.com\/ca\/gracies\/#breadcrumb"},"inLanguage":"ca","potentialAction":[{"@type":"ReadAction","target":["https:\/\/girbaulab.com\/ca\/gracies\/"]}]},{"@type":"BreadcrumbList","@id":"https:\/\/girbaulab.com\/ca\/gracies\/#breadcrumb","itemListElement":[{"@type":"ListItem","position":1,"name":"Home","item":"https:\/\/www.girbaulab.com\/ca\/"},{"@type":"ListItem","position":2,"name":"Gr\u00e0cies"}]},{"@type":"WebSite","@id":"http:\/\/girbaulab.com\/#website","url":"http:\/\/girbaulab.com\/","name":"Girbau LAB","description":"Girbau LAB is a space for collaboration created to add value to the laundry industry through innovation","publisher":{"@id":"http:\/\/girbaulab.com\/#organization"},"potentialAction":[{"@type":"SearchAction","target":{"@type":"EntryPoint","urlTemplate":"http:\/\/girbaulab.com\/?s={search_term_string}"},"query-input":{"@type":"PropertyValueSpecification","valueRequired":true,"valueName":"search_term_string"}}],"inLanguage":"ca"},{"@type":"Organization","@id":"http:\/\/girbaulab.com\/#organization","name":"Girbau LAB","url":"http:\/\/girbaulab.com\/","logo":{"@type":"ImageObject","inLanguage":"ca","@id":"http:\/\/girbaulab.com\/#\/schema\/logo\/image\/","url":"https:\/\/hundreds-wordpress-uploads.s3.amazonaws.com\/girbaulab\/uploads\/2022\/10\/Girbau_LAB_logo.png","contentUrl":"https:\/\/hundreds-wordpress-uploads.s3.amazonaws.com\/girbaulab\/uploads\/2022\/10\/Girbau_LAB_logo.png","width":562,"height":90,"caption":"Girbau LAB"},"image":{"@id":"http:\/\/girbaulab.com\/#\/schema\/logo\/image\/"},"sameAs":["https:\/\/x.com\/girbaulab","https:\/\/www.linkedin.com\/company\/girbaulab\/"]}]}},"_links":{"self":[{"href":"https:\/\/girbaulab.com\/ca\/wp-json\/wp\/v2\/pages\/220","targetHints":{"allow":["GET"]}}],"collection":[{"href":"https:\/\/girbaulab.com\/ca\/wp-json\/wp\/v2\/pages"}],"about":[{"href":"https:\/\/girbaulab.com\/ca\/wp-json\/wp\/v2\/types\/page"}],"author":[{"embeddable":true,"href":"https:\/\/girbaulab.com\/ca\/wp-json\/wp\/v2\/users\/1"}],"replies":[{"embeddable":true,"href":"https:\/\/girbaulab.com\/ca\/wp-json\/wp\/v2\/comments?post=220"}],"version-history":[{"count":2,"href":"https:\/\/girbaulab.com\/ca\/wp-json\/wp\/v2\/pages\/220\/revisions"}],"predecessor-version":[{"id":226,"href":"https:\/\/girbaulab.com\/ca\/wp-json\/wp\/v2\/pages\/220\/revisions\/226"}],"wp:attachment":[{"href":"https:\/\/girbaulab.com\/ca\/wp-json\/wp\/v2\/media?parent=220"}],"curies":[{"name":"wp","href":"https:\/\/api.w.org\/{rel}","templated":true}]}}